{"id":2,"date":"2011-01-24T21:47:53","date_gmt":"2011-01-24T20:47:53","guid":{"rendered":"http:\/\/500web.de\/?page_id=2"},"modified":"2014-02-12T08:15:03","modified_gmt":"2014-02-12T07:15:03","slug":"impressum","status":"publish","type":"page","link":"https:\/\/500web.de\/wiki\/impressum\/","title":{"rendered":"Impressum"},"content":{"rendered":"<p>Cinquewiki &#8211; Das Fiat 500 Wiki, was soll das?<\/p>\n<p>Allseits bekannt ist die (angeblich) freie Enzyklop\u00e4die \u201ewikipedia\u201c. Gerade ihr deutscher Ableger hat sich leider in den vergangenen Jahren zu einer Spielwiese von herrischen Besserwissern entwickelt, die lieber die Mitarbeit anderer torpedieren, als einfach mal ein Auge zuzudr\u00fccken und die Entwicklung mit der n\u00f6tigen Gelassenheit, die es z. B. in der englischsprachigen Wikipedia gibt, abzuwarten.<\/p>\n<p>Ein freies Wiki, wo jeder ohne Weiteres mitmachen kann, kann dieses Projekt allerdings (auch) nicht sein. Bei Interesse k\u00f6nnen handverlesene Experten mit einem eigenen Benutzerkonto die Seiten mitzugestalten. Komplett \u00f6ffnen kann ich dieses Projekt nicht, weil mir die Zeit f\u00fcr die Vandalismuskontrolle fehlt und mir Abmahnungen mangels Finanzpolster zu teuer sind.<\/p>\n<p>Wer Material von mir verwenden will, m\u00f6ge mich bitte fragen. Bis jetzt hat sich immer eine L\u00f6sung gefunden.<\/p>\n<p>Alle Texte und Bilder sind urheberrechtlich gesch\u00fctzt. All rights reserved.<\/p>\n<p><a href=\"http:\/\/500web.de\/impressum\/name\/\" rel=\"attachment wp-att-21\"><img loading=\"lazy\" decoding=\"async\" width=\"433\" height=\"56\" class=\"alignnone size-full wp-image-21\" title=\"name\" alt=\"\" src=\"http:\/\/500web.de\/wiki\/wp-content\/uploads\/2011\/01\/name.png\" srcset=\"https:\/\/500web.de\/wiki\/wp-content\/uploads\/2011\/01\/name.png 433w, https:\/\/500web.de\/wiki\/wp-content\/uploads\/2011\/01\/name-300x38.png 300w\" sizes=\"auto, (max-width: 433px) 100vw, 433px\" \/><\/a><\/p>\n","protected":false},"excerpt":{"rendered":"<p>Cinquewiki &#8211; Das Fiat 500 Wiki, was soll das? Allseits bekannt ist die (angeblich) freie Enzyklop\u00e4die \u201ewikipedia\u201c. Gerade ihr deutscher Ableger hat sich leider in den vergangenen Jahren zu einer Spielwiese von herrischen Besserwissern entwickelt, die lieber die Mitarbeit anderer torpedieren, als einfach mal ein Auge zuzudr\u00fccken und die Entwicklung mit der n\u00f6tigen Gelassenheit, die &hellip; <a href=\"https:\/\/500web.de\/wiki\/impressum\/\" class=\"more-link\"><span class=\"screen-reader-text\">Impressum<\/span> weiterlesen<\/a><\/p>\n","protected":false},"author":3,"featured_media":0,"parent":0,"menu_order":0,"comment_status":"closed","ping_status":"closed","template":"","meta":{"footnotes":""},"class_list":["post-2","page","type-page","status-publish","hentry"],"_links":{"self":[{"href":"https:\/\/500web.de\/wiki\/wp-json\/wp\/v2\/pages\/2","targetHints":{"allow":["GET"]}}],"collection":[{"href":"https:\/\/500web.de\/wiki\/wp-json\/wp\/v2\/pages"}],"about":[{"href":"https:\/\/500web.de\/wiki\/wp-json\/wp\/v2\/types\/page"}],"author":[{"embeddable":true,"href":"https:\/\/500web.de\/wiki\/wp-json\/wp\/v2\/users\/3"}],"replies":[{"embeddable":true,"href":"https:\/\/500web.de\/wiki\/wp-json\/wp\/v2\/comments?post=2"}],"version-history":[{"count":14,"href":"https:\/\/500web.de\/wiki\/wp-json\/wp\/v2\/pages\/2\/revisions"}],"predecessor-version":[{"id":275,"href":"https:\/\/500web.de\/wiki\/wp-json\/wp\/v2\/pages\/2\/revisions\/275"}],"wp:attachment":[{"href":"https:\/\/500web.de\/wiki\/wp-json\/wp\/v2\/media?parent=2"}],"curies":[{"name":"wp","href":"https:\/\/api.w.org\/{rel}","templated":true}]}}